{"id":6,"date":"2026-02-06T14:38:29","date_gmt":"2026-02-06T14:38:29","guid":{"rendered":"https:\/\/nifty-hamilton.82-165-219-217.plesk.page\/?page_id=6"},"modified":"2026-02-06T14:38:52","modified_gmt":"2026-02-06T14:38:52","slug":"test","status":"publish","type":"page","link":"https:\/\/nifty-hamilton.82-165-219-217.plesk.page\/index.php\/test\/","title":{"rendered":"test"},"content":{"rendered":"<div class=\"mf-vigilance\" style=\"border:1px solid #ddd;padding:12px;border-radius:10px\"><div style=\"font-weight:700\">Vigilance m\u00e9t\u00e9o \u2014 D\u00e9partement 27 (J)<\/div><div>Niveau actuel : <strong>Vert<\/strong><\/div><div style=\"margin-top:4px;font-size:12px;color:#666\">Mise \u00e0 jour : 2026-04-07T14:00:04Z<\/div><div style=\"margin-top:8px\"><div style=\"font-weight:600\">D\u00e9tail par ph\u00e9nom\u00e8ne<\/div><ul style=\"margin:6px 0 0 18px\"><li>Vent violent : <strong>Vert<\/strong><\/li><li>Pluie-inondation : <strong>Vert<\/strong><\/li><li>Orages : <strong>Vert<\/strong><\/li><li>Neige-verglas : <strong>Vert<\/strong><\/li><li>Crues : <strong>Vert<\/strong><\/li><\/ul><\/div><div style=\"margin-top:10px;font-size:12px;color:#666\">Source : M\u00e9t\u00e9o-France (DPVigilance)<\/div><div style=\"margin-top:2px;font-size:11px;color:#999\">Auth: apikey<\/div><\/div>\n\n\n\n<p><\/p>\n","protected":false},"excerpt":{"rendered":"","protected":false},"author":1,"featured_media":0,"parent":0,"menu_order":0,"comment_status":"closed","ping_status":"closed","template":"","meta":{"footnotes":""},"class_list":["post-6","page","type-page","status-publish","hentry"],"_links":{"self":[{"href":"https:\/\/nifty-hamilton.82-165-219-217.plesk.page\/index.php\/wp-json\/wp\/v2\/pages\/6","targetHints":{"allow":["GET"]}}],"collection":[{"href":"https:\/\/nifty-hamilton.82-165-219-217.plesk.page\/index.php\/wp-json\/wp\/v2\/pages"}],"about":[{"href":"https:\/\/nifty-hamilton.82-165-219-217.plesk.page\/index.php\/wp-json\/wp\/v2\/types\/page"}],"author":[{"embeddable":true,"href":"https:\/\/nifty-hamilton.82-165-219-217.plesk.page\/index.php\/wp-json\/wp\/v2\/users\/1"}],"replies":[{"embeddable":true,"href":"https:\/\/nifty-hamilton.82-165-219-217.plesk.page\/index.php\/wp-json\/wp\/v2\/comments?post=6"}],"version-history":[{"count":2,"href":"https:\/\/nifty-hamilton.82-165-219-217.plesk.page\/index.php\/wp-json\/wp\/v2\/pages\/6\/revisions"}],"predecessor-version":[{"id":9,"href":"https:\/\/nifty-hamilton.82-165-219-217.plesk.page\/index.php\/wp-json\/wp\/v2\/pages\/6\/revisions\/9"}],"wp:attachment":[{"href":"https:\/\/nifty-hamilton.82-165-219-217.plesk.page\/index.php\/wp-json\/wp\/v2\/media?parent=6"}],"curies":[{"name":"wp","href":"https:\/\/api.w.org\/{rel}","templated":true}]}}